{"id":16458,"date":"2021-01-17T05:07:15","date_gmt":"2021-01-17T05:07:15","guid":{"rendered":"https:\/\/vumglasses.com\/order\/"},"modified":"2026-01-30T17:04:37","modified_gmt":"2026-01-30T17:04:37","slug":"order","status":"publish","type":"page","link":"https:\/\/vumglasses.com\/en\/order\/","title":{"rendered":"Order"},"content":{"rendered":"\n\n\n\n<p><\/p>\n","protected":false},"excerpt":{"rendered":"","protected":false},"author":1,"featured_media":0,"parent":0,"menu_order":0,"comment_status":"closed","ping_status":"closed","template":"","meta":{"footnotes":""},"class_list":["post-16458","page","type-page","status-publish","hentry"],"yoast_head":"<!-- This site is optimized with the Yoast SEO plugin v27.0 - https:\/\/yoast.com\/product\/yoast-seo-wordpress\/ -->\n<title>Order | V&Uuml;M Glasses<\/title>\n<meta name=\"description\" content=\"Order | Entra e inf\u00f3rmate | Ponte en contacto para m\u00e1s informaci\u00f3n\" \/>\n<meta name=\"robots\" content=\"noindex, follow\" \/>\n<meta property=\"og:locale\" content=\"en_US\" \/>\n<meta property=\"og:type\" content=\"article\" \/>\n<meta property=\"og:title\" content=\"Order | V&Uuml;M Glasses\" \/>\n<meta property=\"og:description\" content=\"Order | Entra e inf\u00f3rmate | Ponte en contacto para m\u00e1s informaci\u00f3n\" \/>\n<meta property=\"og:url\" content=\"https:\/\/vumglasses.com\/en\/order\/\" \/>\n<meta property=\"og:site_name\" content=\"V&Uuml;M Glasses\" \/>\n<meta property=\"article:publisher\" content=\"https:\/\/www.facebook.com\/vumglassesgafasalpormayor\" \/>\n<meta property=\"article:modified_time\" content=\"2026-01-30T17:04:37+00:00\" \/>\n<meta property=\"og:image\" content=\"https:\/\/vumglasses.com\/wp-content\/uploads\/2025\/12\/logo-vum-glasses.png\" \/>\n\t<meta property=\"og:image:width\" content=\"265\" \/>\n\t<meta property=\"og:image:height\" content=\"265\" \/>\n\t<meta property=\"og:image:type\" content=\"image\/png\" \/>\n<meta name=\"twitter:card\" content=\"summary_large_image\" \/>\n<script type=\"application\/ld+json\" class=\"yoast-schema-graph\">{\"@context\":\"https:\/\/schema.org\",\"@graph\":[{\"@type\":\"WebPage\",\"@id\":\"https:\/\/vumglasses.com\/en\/order\/\",\"url\":\"https:\/\/vumglasses.com\/en\/order\/\",\"name\":\"Order | V&Uuml;M Glasses\",\"isPartOf\":{\"@id\":\"https:\/\/vumglasses.com\/en\/#website\"},\"datePublished\":\"2021-01-17T05:07:15+00:00\",\"dateModified\":\"2026-01-30T17:04:37+00:00\",\"description\":\"Order | Entra e inf\u00f3rmate | Ponte en contacto para m\u00e1s informaci\u00f3n\",\"breadcrumb\":{\"@id\":\"https:\/\/vumglasses.com\/en\/order\/#breadcrumb\"},\"inLanguage\":\"en-US\",\"potentialAction\":[{\"@type\":\"ReadAction\",\"target\":[\"https:\/\/vumglasses.com\/en\/order\/\"]}]},{\"@type\":\"BreadcrumbList\",\"@id\":\"https:\/\/vumglasses.com\/en\/order\/#breadcrumb\",\"itemListElement\":[{\"@type\":\"ListItem\",\"position\":1,\"name\":\"Portada\",\"item\":\"https:\/\/vumglasses.com\/en\/\"},{\"@type\":\"ListItem\",\"position\":2,\"name\":\"Order\"}]},{\"@type\":\"WebSite\",\"@id\":\"https:\/\/vumglasses.com\/en\/#website\",\"url\":\"https:\/\/vumglasses.com\/en\/\",\"name\":\"V\u00dcM Glasses\",\"description\":\"Gafas al por mayor de sol, lectura y deportivas\",\"publisher\":{\"@id\":\"https:\/\/vumglasses.com\/en\/#organization\"},\"alternateName\":\"V\u00dcM Glasses\",\"potentialAction\":[{\"@type\":\"SearchAction\",\"target\":{\"@type\":\"EntryPoint\",\"urlTemplate\":\"https:\/\/vumglasses.com\/en\/?s={search_term_string}\"},\"query-input\":{\"@type\":\"PropertyValueSpecification\",\"valueRequired\":true,\"valueName\":\"search_term_string\"}}],\"inLanguage\":\"en-US\"},{\"@type\":\"Organization\",\"@id\":\"https:\/\/vumglasses.com\/en\/#organization\",\"name\":\"V\u00dcM Glasses\",\"url\":\"https:\/\/vumglasses.com\/en\/\",\"logo\":{\"@type\":\"ImageObject\",\"inLanguage\":\"en-US\",\"@id\":\"https:\/\/vumglasses.com\/en\/#\/schema\/logo\/image\/\",\"url\":\"https:\/\/vumglasses.com\/wp-content\/uploads\/2025\/12\/logo-vum-glasses.png\",\"contentUrl\":\"https:\/\/vumglasses.com\/wp-content\/uploads\/2025\/12\/logo-vum-glasses.png\",\"width\":265,\"height\":265,\"caption\":\"V\u00dcM Glasses\"},\"image\":{\"@id\":\"https:\/\/vumglasses.com\/en\/#\/schema\/logo\/image\/\"},\"sameAs\":[\"https:\/\/www.facebook.com\/vumglassesgafasalpormayor\",\"https:\/\/www.instagram.com\/vumglasses\",\"https:\/\/www.linkedin.com\/company\/vum-glasses\",\"https:\/\/www.tiktok.com\/@vumglasses\"]}]}<\/script>\n<!-- \/ Yoast SEO plugin. -->","yoast_head_json":{"title":"Order | V&Uuml;M Glasses","description":"Order | Entra e inf\u00f3rmate | Ponte en contacto para m\u00e1s informaci\u00f3n","robots":{"index":"noindex","follow":"follow"},"og_locale":"en_US","og_type":"article","og_title":"Order | V&Uuml;M Glasses","og_description":"Order | Entra e inf\u00f3rmate | Ponte en contacto para m\u00e1s informaci\u00f3n","og_url":"https:\/\/vumglasses.com\/en\/order\/","og_site_name":"V&Uuml;M Glasses","article_publisher":"https:\/\/www.facebook.com\/vumglassesgafasalpormayor","article_modified_time":"2026-01-30T17:04:37+00:00","og_image":[{"width":265,"height":265,"url":"https:\/\/vumglasses.com\/wp-content\/uploads\/2025\/12\/logo-vum-glasses.png","type":"image\/png"}],"twitter_card":"summary_large_image","schema":{"@context":"https:\/\/schema.org","@graph":[{"@type":"WebPage","@id":"https:\/\/vumglasses.com\/en\/order\/","url":"https:\/\/vumglasses.com\/en\/order\/","name":"Order | V&Uuml;M Glasses","isPartOf":{"@id":"https:\/\/vumglasses.com\/en\/#website"},"datePublished":"2021-01-17T05:07:15+00:00","dateModified":"2026-01-30T17:04:37+00:00","description":"Order | Entra e inf\u00f3rmate | Ponte en contacto para m\u00e1s informaci\u00f3n","breadcrumb":{"@id":"https:\/\/vumglasses.com\/en\/order\/#breadcrumb"},"inLanguage":"en-US","potentialAction":[{"@type":"ReadAction","target":["https:\/\/vumglasses.com\/en\/order\/"]}]},{"@type":"BreadcrumbList","@id":"https:\/\/vumglasses.com\/en\/order\/#breadcrumb","itemListElement":[{"@type":"ListItem","position":1,"name":"Portada","item":"https:\/\/vumglasses.com\/en\/"},{"@type":"ListItem","position":2,"name":"Order"}]},{"@type":"WebSite","@id":"https:\/\/vumglasses.com\/en\/#website","url":"https:\/\/vumglasses.com\/en\/","name":"V\u00dcM Glasses","description":"Gafas al por mayor de sol, lectura y deportivas","publisher":{"@id":"https:\/\/vumglasses.com\/en\/#organization"},"alternateName":"V\u00dcM Glasses","potentialAction":[{"@type":"SearchAction","target":{"@type":"EntryPoint","urlTemplate":"https:\/\/vumglasses.com\/en\/?s={search_term_string}"},"query-input":{"@type":"PropertyValueSpecification","valueRequired":true,"valueName":"search_term_string"}}],"inLanguage":"en-US"},{"@type":"Organization","@id":"https:\/\/vumglasses.com\/en\/#organization","name":"V\u00dcM Glasses","url":"https:\/\/vumglasses.com\/en\/","logo":{"@type":"ImageObject","inLanguage":"en-US","@id":"https:\/\/vumglasses.com\/en\/#\/schema\/logo\/image\/","url":"https:\/\/vumglasses.com\/wp-content\/uploads\/2025\/12\/logo-vum-glasses.png","contentUrl":"https:\/\/vumglasses.com\/wp-content\/uploads\/2025\/12\/logo-vum-glasses.png","width":265,"height":265,"caption":"V\u00dcM Glasses"},"image":{"@id":"https:\/\/vumglasses.com\/en\/#\/schema\/logo\/image\/"},"sameAs":["https:\/\/www.facebook.com\/vumglassesgafasalpormayor","https:\/\/www.instagram.com\/vumglasses","https:\/\/www.linkedin.com\/company\/vum-glasses","https:\/\/www.tiktok.com\/@vumglasses"]}]}},"_links":{"self":[{"href":"https:\/\/vumglasses.com\/en\/wp-json\/wp\/v2\/pages\/16458","targetHints":{"allow":["GET"]}}],"collection":[{"href":"https:\/\/vumglasses.com\/en\/wp-json\/wp\/v2\/pages"}],"about":[{"href":"https:\/\/vumglasses.com\/en\/wp-json\/wp\/v2\/types\/page"}],"author":[{"embeddable":true,"href":"https:\/\/vumglasses.com\/en\/wp-json\/wp\/v2\/users\/1"}],"replies":[{"embeddable":true,"href":"https:\/\/vumglasses.com\/en\/wp-json\/wp\/v2\/comments?post=16458"}],"version-history":[{"count":3,"href":"https:\/\/vumglasses.com\/en\/wp-json\/wp\/v2\/pages\/16458\/revisions"}],"predecessor-version":[{"id":16469,"href":"https:\/\/vumglasses.com\/en\/wp-json\/wp\/v2\/pages\/16458\/revisions\/16469"}],"wp:attachment":[{"href":"https:\/\/vumglasses.com\/en\/wp-json\/wp\/v2\/media?parent=16458"}],"curies":[{"name":"wp","href":"https:\/\/api.w.org\/{rel}","templated":true}]}}