{"id":16716,"date":"2025-09-23T19:53:17","date_gmt":"2025-09-23T19:53:17","guid":{"rendered":"https:\/\/vumglasses.com\/my-account\/"},"modified":"2026-02-06T17:36:42","modified_gmt":"2026-02-06T17:36:42","slug":"my-account","status":"publish","type":"page","link":"https:\/\/vumglasses.com\/en\/my-account\/","title":{"rendered":"My account"},"content":{"rendered":"\t\t<div data-elementor-type=\"wp-page\" data-elementor-id=\"16716\" class=\"elementor elementor-16716 elementor-13056\" data-elementor-post-type=\"page\">\n\t\t\t\t<div class=\"elementor-element elementor-element-76923c5 e-flex e-con-boxed e-con e-parent\" data-id=\"76923c5\" data-element_type=\"container\" data-e-type=\"container\">\n\t\t\t\t\t<div class=\"e-con-inner\">\n\t\t\t\t<div class=\"elementor-element elementor-element-c5b8d40 elementor-widget elementor-widget-ts-breadcrumb\" data-id=\"c5b8d40\" data-element_type=\"widget\" data-e-type=\"widget\" data-widget_type=\"ts-breadcrumb.default\">\n\t\t\t\t<div class=\"elementor-widget-container\">\n\t\t\t\t\t<div class=\"ts-breadcrumbs breadcrumbs\"><div class=\"breadcrumbs-container\"><a href=\"https:\/\/vumglasses.com\/en\/\">Home<\/a> <span class=\"brn_arrow\">&#047;<\/span> <span class=\"current\">Page<\/span><\/div><\/div>\t\t\t\t<\/div>\n\t\t\t\t<\/div>\n\t\t\t\t\t<\/div>\n\t\t\t\t<\/div>\n\t\t<div class=\"elementor-element elementor-element-c87c909 e-flex e-con-boxed e-con e-parent\" data-id=\"c87c909\" data-element_type=\"container\" data-e-type=\"container\">\n\t\t\t\t\t<div class=\"e-con-inner\">\n\t\t<div class=\"elementor-element elementor-element-b64c481 e-con-full e-flex e-con e-child\" data-id=\"b64c481\" data-element_type=\"container\" data-e-type=\"container\">\n\t\t\t\t<div class=\"elementor-element elementor-element-4f8f570 elementor-widget elementor-widget-heading\" data-id=\"4f8f570\" data-element_type=\"widget\" data-e-type=\"widget\" data-widget_type=\"heading.default\">\n\t\t\t\t\t<h2 class=\"elementor-heading-title elementor-size-default\">Log in<\/h2>\t\t\t\t<\/div>\n\t\t\t\t<div class=\"elementor-element elementor-element-bbfe83b elementor-widget elementor-widget-user-registration-login\" data-id=\"bbfe83b\" data-element_type=\"widget\" data-e-type=\"widget\" data-widget_type=\"user-registration-login.default\">\n\t\t\t\t<div class=\"elementor-widget-container\">\n\t\t\t\t\t<div id=\"user-registration\" class=\"user-registration\">\n<div class=\"ur-frontend-form login ur-frontend-form--bordered \" id=\"ur-frontend-form\">\n\t\t<form class=\"user-registration-form user-registration-form-login login\" method=\"post\">\n\t\t<div class=\"ur-form-row\">\n\t\t\t<div class=\"ur-form-grid\">\n\t\t\t\t\t\t\t\t\t\t\t\t<div\n\t\t\t\t\tclass=\" user-registration-form-row user-registration-form-row--wide form-row form-row-wide\"\n\t\t\t\t\tdata-field=\"username\">\n\t\t\t\t\t<label for=\"username\">Correo electr\u00f3nico <span class=\"required\">*<\/span><\/label>\t\t\t\t\t<span class=\"input-wrapper\">\n\t\t\t\t\t\t<input placeholder=\"\" type=\"text\"\n\t\t\t\t\t\t\t   class=\"user-registration-Input user-registration-Input--text input-text\" name=\"username\"\n\t\t\t\t\t\t\t   id=\"username\"\n\t\t\t\t\t\t\t   value=\"\"\n\t\t\t\t\t\t\t   style=\"\"\n\t\t\t\t\t\t\t   \t\t\t\t\t\t\/>\n\t\t\t\t\t\t\t\t\t\t\t\t<\/span>\n\t\t\t\t<\/div>\n\t\t\t\t\t\t\t\t\t<div\n\t\t\t\t\t\tclass=\" user-registration-form-row user-registration-form-row--wide form-row form-row-wide\"\n\t\t\t\t\t\tdata-field=\"password\">\n\t\t\t\t\t\t<label for=\"password\">Contrase\u00f1a <span class=\"required\">*<\/span><\/label>\t\t\t\t\t\t<span class=\"input-wrapper\">\n\t\t\t\t\t\t<span class=\"password-input-group\">\n\t\t\t\t\t\t<input\n\t\t\t\t\t\t\tplaceholder=\"\"\n\t\t\t\t\t\t\tclass=\"user-registration-Input user-registration-Input--text input-text\" type=\"password\"\n\t\t\t\t\t\t\tname=\"password\" id=\"password\"\n\t\t\t\t\t\t\tstyle=\"\"\n\t\t\t\t\t\t\t\t\t\t\t\t\t\/>\n\n\t\t\t\t\t\t\t\t\t\t\t\t\t\t\t\t\t\t\t<\/span>\n\t\t\t\t\t<\/div>\n\t\t\t\t\t\t\t\t\n\t\t\t\t\t\t\t\t<div class=\"form-row\">\n\t\t\t\t\t<input type=\"hidden\" id=\"user-registration-login-nonce\" name=\"user-registration-login-nonce\" value=\"ab79ea904e\" \/><input type=\"hidden\" name=\"_wp_http_referer\" value=\"\/en\/wp-json\/wp\/v2\/pages\/16716\" \/>\t\t\t\t\t\t<div class=\"user-registration-before-login-btn\">\n\t\t\t\t\t\t\t\t\t\t\t\t\t\t\t<div class=\"\" data-field=\"remember-me\">\n\t\t\t\t\t\t\t\t\t<label\n\t\t\t\t\t\t\t\t\t\tclass=\"user-registration-form__label user-registration-form__label-for-checkbox inline\">\n\t\t\t\t\t\t\t\t\t\t<input\n\t\t\t\t\t\t\t\t\t\t\tclass=\"user-registration-form__input user-registration-form__input-checkbox\"\n\t\t\t\t\t\t\t\t\t\t\tname=\"rememberme\" type=\"checkbox\" id=\"rememberme\" value=\"forever\"\n\t\t\t\t\t\t\t\t\t\t\t\t\t\t\t\t\t\t\t\t\t\/>\n\t\t\t\t\t\t\t\t\t\t<span>Recu\u00e9rdame <\/span>\n\t\t\t\t\t\t\t\t\t<\/label>\n\t\t\t\t\t\t\t\t<\/div>\n\t\t\t\t\t\t\t\t\t\t\t\t\t\t\t\t\t\t\t\t\t\t\t<div data-field=\"lost-password\"\n\t\t\t\t\t\t\t\t\t class=\"user-registration-LostPassword lost_password \">\n\t\t\t\t\t\t\t\t\t<label\n\t\t\t\t\t\t\t\t\t\tclass=\"user-registration-form__label user-registration-form__label-for-checkbox inline\">\n\t\t\t\t\t\t\t\t\t\t<a href=\"https:\/\/vumglasses.com\/restaurar-contrasena\/\">\u00bfOlvidaste tu contrase\u00f1a?<\/a>\n\t\t\t\t\t\t\t\t\t<\/label>\n\t\t\t\t\t\t\t\t<\/div>\n\t\t\t\t\t\t\t\t\t\t\t\t\t\t<\/div>\n\t\t\t\t\t\t\t\t\t\t<\/div>\n\t\t\t\t<div data-field=\"login-button\" class=\"\">\n\t\t\t\t\t\t\t\t\t\t\t\t\t\t\t\t<button type=\"submit\"\n\t\t\t\t\t\t\t\tclass=\"user-registration-Button button ur-submit-button  \"\n\t\t\t\t\t\t\t\tname=\"login\"\n\t\t\t\t\t\t\t\tvalue=\"Iniciar sesi\u00f3n\">Iniciar sesi\u00f3n<\/button>\n\t\t\t\t\t\t\t\t\t<\/div>\n\t\t\t\t<input type=\"hidden\" name=\"redirect\"\n\t\t\t\t\t   value=\"\"\/>\n\n\t\t\t\t\t\t\t\t\t\t\t<\/div>\n\t\t<\/div>\n\t<\/form>\n<\/div>\n\n<\/div>\t\t\t\t<\/div>\n\t\t\t\t<\/div>\n\t\t\t\t<\/div>\n\t\t<div class=\"elementor-element elementor-element-dfc85d4 e-con-full e-flex e-con e-child\" data-id=\"dfc85d4\" data-element_type=\"container\" data-e-type=\"container\">\n\t\t\t\t<div class=\"elementor-element elementor-element-debbc3e elementor-widget elementor-widget-heading\" data-id=\"debbc3e\" data-element_type=\"widget\" data-e-type=\"widget\" data-widget_type=\"heading.default\">\n\t\t\t\t\t<h2 class=\"elementor-heading-title elementor-size-default\">Not yet registered as a customer?<\/h2>\t\t\t\t<\/div>\n\t\t\t\t<div class=\"elementor-element elementor-element-1cf55af elementor-widget elementor-widget-text-editor\" data-id=\"1cf55af\" data-element_type=\"widget\" data-e-type=\"widget\" data-widget_type=\"text-editor.default\">\n\t\t\t\t\t\t\t\t\t<p>Wholesale glasses sales with exclusive access for customers.<\/p>\t\t\t\t\t\t\t\t<\/div>\n\t\t\t\t<div class=\"elementor-element elementor-element-a725912 elementor-widget elementor-widget-text-editor\" data-id=\"a725912\" data-element_type=\"widget\" data-e-type=\"widget\" data-widget_type=\"text-editor.default\">\n\t\t\t\t\t\t\t\t\t<p>Access to our platform is exclusively reserved for customers who have registered and been previously approved. Make sure you meet the requirements to enjoy our wholesale products. <\/p>\t\t\t\t\t\t\t\t<\/div>\n\t\t\t\t<div class=\"elementor-element elementor-element-b207c38 btn-product-style-v3 elementor-mobile-align-center elementor-widget elementor-widget-button\" data-id=\"b207c38\" data-element_type=\"widget\" data-e-type=\"widget\" data-widget_type=\"button.default\">\n\t\t\t\t\t\t\t\t\t\t<a class=\"elementor-button elementor-button-link elementor-size-sm\" href=\"https:\/\/vumglasses.com\/en\/request-customer-access\/\">\n\t\t\t\t\t\t<span class=\"elementor-button-content-wrapper\">\n\t\t\t\t\t\t<span class=\"elementor-button-icon\">\n\t\t\t\t<i aria-hidden=\"true\" class=\"icomoon-icon icon-btn-arrow\"><\/i>\t\t\t<\/span>\n\t\t\t\t\t\t\t\t\t<span class=\"elementor-button-text\">Request access<\/span>\n\t\t\t\t\t<\/span>\n\t\t\t\t\t<\/a>\n\t\t\t\t\t\t\t\t<\/div>\n\t\t\t\t<\/div>\n\t\t\t\t\t<\/div>\n\t\t\t\t<\/div>\n\t\t<div class=\"elementor-element elementor-element-a63f828 e-flex e-con-boxed e-con e-parent\" data-id=\"a63f828\" data-element_type=\"container\" data-e-type=\"container\">\n\t\t\t\t\t<div class=\"e-con-inner\">\n\t\t\t\t\t<\/div>\n\t\t\t\t<\/div>\n\t\t\t\t<\/div>\n\t\t","protected":false},"excerpt":{"rendered":"<p>Inicio &#047; Log in Ya est\u00e1s conectado. \u00bfSalir? Not yet registered as a customer? Wholesale glasses sales with exclusive access for customers. Access to our platform is exclusively reserved for customers who have registered and been previously approved. Make sure you meet the requirements to enjoy our wholesale products. Request access<\/p>\n","protected":false},"author":1,"featured_media":0,"parent":0,"menu_order":0,"comment_status":"closed","ping_status":"closed","template":"elementor_header_footer","meta":{"footnotes":""},"class_list":["post-16716","page","type-page","status-publish","hentry"],"yoast_head":"<!-- This site is optimized with the Yoast SEO plugin v27.0 - https:\/\/yoast.com\/product\/yoast-seo-wordpress\/ -->\n<title>My account | V&Uuml;M Glasses<\/title>\n<meta name=\"description\" content=\"My account | Entra e inf\u00f3rmate | Ponte en contacto para m\u00e1s informaci\u00f3n\" \/>\n<meta name=\"robots\" content=\"noindex, follow\" \/>\n<meta property=\"og:locale\" content=\"en_US\" \/>\n<meta property=\"og:type\" content=\"article\" \/>\n<meta property=\"og:title\" content=\"My account | V&Uuml;M Glasses\" \/>\n<meta property=\"og:description\" content=\"My account | Entra e inf\u00f3rmate | Ponte en contacto para m\u00e1s informaci\u00f3n\" \/>\n<meta property=\"og:url\" content=\"https:\/\/vumglasses.com\/en\/my-account\/\" \/>\n<meta property=\"og:site_name\" content=\"V&Uuml;M Glasses\" \/>\n<meta property=\"article:publisher\" content=\"https:\/\/www.facebook.com\/vumglassesgafasalpormayor\" \/>\n<meta property=\"article:modified_time\" content=\"2026-02-06T17:36:42+00:00\" \/>\n<meta property=\"og:image\" content=\"https:\/\/vumglasses.com\/wp-content\/uploads\/2025\/12\/logo-vum-glasses.png\" \/>\n\t<meta property=\"og:image:width\" content=\"265\" \/>\n\t<meta property=\"og:image:height\" content=\"265\" \/>\n\t<meta property=\"og:image:type\" content=\"image\/png\" \/>\n<meta name=\"twitter:card\" content=\"summary_large_image\" \/>\n<script type=\"application\/ld+json\" class=\"yoast-schema-graph\">{\"@context\":\"https:\/\/schema.org\",\"@graph\":[{\"@type\":\"WebPage\",\"@id\":\"https:\/\/vumglasses.com\/en\/my-account\/\",\"url\":\"https:\/\/vumglasses.com\/en\/my-account\/\",\"name\":\"My account | V&Uuml;M Glasses\",\"isPartOf\":{\"@id\":\"https:\/\/vumglasses.com\/en\/#website\"},\"datePublished\":\"2025-09-23T19:53:17+00:00\",\"dateModified\":\"2026-02-06T17:36:42+00:00\",\"description\":\"My account | Entra e inf\u00f3rmate | Ponte en contacto para m\u00e1s informaci\u00f3n\",\"breadcrumb\":{\"@id\":\"https:\/\/vumglasses.com\/en\/my-account\/#breadcrumb\"},\"inLanguage\":\"en-US\",\"potentialAction\":[{\"@type\":\"ReadAction\",\"target\":[\"https:\/\/vumglasses.com\/en\/my-account\/\"]}]},{\"@type\":\"BreadcrumbList\",\"@id\":\"https:\/\/vumglasses.com\/en\/my-account\/#breadcrumb\",\"itemListElement\":[{\"@type\":\"ListItem\",\"position\":1,\"name\":\"Portada\",\"item\":\"https:\/\/vumglasses.com\/en\/\"},{\"@type\":\"ListItem\",\"position\":2,\"name\":\"My account\"}]},{\"@type\":\"WebSite\",\"@id\":\"https:\/\/vumglasses.com\/en\/#website\",\"url\":\"https:\/\/vumglasses.com\/en\/\",\"name\":\"V\u00dcM Glasses\",\"description\":\"Gafas al por mayor de sol, lectura y deportivas\",\"publisher\":{\"@id\":\"https:\/\/vumglasses.com\/en\/#organization\"},\"alternateName\":\"V\u00dcM Glasses\",\"potentialAction\":[{\"@type\":\"SearchAction\",\"target\":{\"@type\":\"EntryPoint\",\"urlTemplate\":\"https:\/\/vumglasses.com\/en\/?s={search_term_string}\"},\"query-input\":{\"@type\":\"PropertyValueSpecification\",\"valueRequired\":true,\"valueName\":\"search_term_string\"}}],\"inLanguage\":\"en-US\"},{\"@type\":\"Organization\",\"@id\":\"https:\/\/vumglasses.com\/en\/#organization\",\"name\":\"V\u00dcM Glasses\",\"url\":\"https:\/\/vumglasses.com\/en\/\",\"logo\":{\"@type\":\"ImageObject\",\"inLanguage\":\"en-US\",\"@id\":\"https:\/\/vumglasses.com\/en\/#\/schema\/logo\/image\/\",\"url\":\"https:\/\/vumglasses.com\/wp-content\/uploads\/2025\/12\/logo-vum-glasses.png\",\"contentUrl\":\"https:\/\/vumglasses.com\/wp-content\/uploads\/2025\/12\/logo-vum-glasses.png\",\"width\":265,\"height\":265,\"caption\":\"V\u00dcM Glasses\"},\"image\":{\"@id\":\"https:\/\/vumglasses.com\/en\/#\/schema\/logo\/image\/\"},\"sameAs\":[\"https:\/\/www.facebook.com\/vumglassesgafasalpormayor\",\"https:\/\/www.instagram.com\/vumglasses\",\"https:\/\/www.linkedin.com\/company\/vum-glasses\",\"https:\/\/www.tiktok.com\/@vumglasses\"]}]}<\/script>\n<!-- \/ Yoast SEO plugin. -->","yoast_head_json":{"title":"My account | V&Uuml;M Glasses","description":"My account | Entra e inf\u00f3rmate | Ponte en contacto para m\u00e1s informaci\u00f3n","robots":{"index":"noindex","follow":"follow"},"og_locale":"en_US","og_type":"article","og_title":"My account | V&Uuml;M Glasses","og_description":"My account | Entra e inf\u00f3rmate | Ponte en contacto para m\u00e1s informaci\u00f3n","og_url":"https:\/\/vumglasses.com\/en\/my-account\/","og_site_name":"V&Uuml;M Glasses","article_publisher":"https:\/\/www.facebook.com\/vumglassesgafasalpormayor","article_modified_time":"2026-02-06T17:36:42+00:00","og_image":[{"width":265,"height":265,"url":"https:\/\/vumglasses.com\/wp-content\/uploads\/2025\/12\/logo-vum-glasses.png","type":"image\/png"}],"twitter_card":"summary_large_image","schema":{"@context":"https:\/\/schema.org","@graph":[{"@type":"WebPage","@id":"https:\/\/vumglasses.com\/en\/my-account\/","url":"https:\/\/vumglasses.com\/en\/my-account\/","name":"My account | V&Uuml;M Glasses","isPartOf":{"@id":"https:\/\/vumglasses.com\/en\/#website"},"datePublished":"2025-09-23T19:53:17+00:00","dateModified":"2026-02-06T17:36:42+00:00","description":"My account | Entra e inf\u00f3rmate | Ponte en contacto para m\u00e1s informaci\u00f3n","breadcrumb":{"@id":"https:\/\/vumglasses.com\/en\/my-account\/#breadcrumb"},"inLanguage":"en-US","potentialAction":[{"@type":"ReadAction","target":["https:\/\/vumglasses.com\/en\/my-account\/"]}]},{"@type":"BreadcrumbList","@id":"https:\/\/vumglasses.com\/en\/my-account\/#breadcrumb","itemListElement":[{"@type":"ListItem","position":1,"name":"Portada","item":"https:\/\/vumglasses.com\/en\/"},{"@type":"ListItem","position":2,"name":"My account"}]},{"@type":"WebSite","@id":"https:\/\/vumglasses.com\/en\/#website","url":"https:\/\/vumglasses.com\/en\/","name":"V\u00dcM Glasses","description":"Gafas al por mayor de sol, lectura y deportivas","publisher":{"@id":"https:\/\/vumglasses.com\/en\/#organization"},"alternateName":"V\u00dcM Glasses","potentialAction":[{"@type":"SearchAction","target":{"@type":"EntryPoint","urlTemplate":"https:\/\/vumglasses.com\/en\/?s={search_term_string}"},"query-input":{"@type":"PropertyValueSpecification","valueRequired":true,"valueName":"search_term_string"}}],"inLanguage":"en-US"},{"@type":"Organization","@id":"https:\/\/vumglasses.com\/en\/#organization","name":"V\u00dcM Glasses","url":"https:\/\/vumglasses.com\/en\/","logo":{"@type":"ImageObject","inLanguage":"en-US","@id":"https:\/\/vumglasses.com\/en\/#\/schema\/logo\/image\/","url":"https:\/\/vumglasses.com\/wp-content\/uploads\/2025\/12\/logo-vum-glasses.png","contentUrl":"https:\/\/vumglasses.com\/wp-content\/uploads\/2025\/12\/logo-vum-glasses.png","width":265,"height":265,"caption":"V\u00dcM Glasses"},"image":{"@id":"https:\/\/vumglasses.com\/en\/#\/schema\/logo\/image\/"},"sameAs":["https:\/\/www.facebook.com\/vumglassesgafasalpormayor","https:\/\/www.instagram.com\/vumglasses","https:\/\/www.linkedin.com\/company\/vum-glasses","https:\/\/www.tiktok.com\/@vumglasses"]}]}},"_links":{"self":[{"href":"https:\/\/vumglasses.com\/en\/wp-json\/wp\/v2\/pages\/16716","targetHints":{"allow":["GET"]}}],"collection":[{"href":"https:\/\/vumglasses.com\/en\/wp-json\/wp\/v2\/pages"}],"about":[{"href":"https:\/\/vumglasses.com\/en\/wp-json\/wp\/v2\/types\/page"}],"author":[{"embeddable":true,"href":"https:\/\/vumglasses.com\/en\/wp-json\/wp\/v2\/users\/1"}],"replies":[{"embeddable":true,"href":"https:\/\/vumglasses.com\/en\/wp-json\/wp\/v2\/comments?post=16716"}],"version-history":[{"count":4,"href":"https:\/\/vumglasses.com\/en\/wp-json\/wp\/v2\/pages\/16716\/revisions"}],"predecessor-version":[{"id":16922,"href":"https:\/\/vumglasses.com\/en\/wp-json\/wp\/v2\/pages\/16716\/revisions\/16922"}],"wp:attachment":[{"href":"https:\/\/vumglasses.com\/en\/wp-json\/wp\/v2\/media?parent=16716"}],"curies":[{"name":"wp","href":"https:\/\/api.w.org\/{rel}","templated":true}]}}