{"id":16749,"date":"2025-03-24T10:43:32","date_gmt":"2025-03-24T10:43:32","guid":{"rendered":"https:\/\/vumglasses.com\/about-us\/"},"modified":"2026-02-01T23:17:36","modified_gmt":"2026-02-01T23:17:36","slug":"about-us","status":"publish","type":"page","link":"https:\/\/vumglasses.com\/en\/about-us\/","title":{"rendered":"About Us"},"content":{"rendered":"\t\t<div data-elementor-type=\"wp-page\" data-elementor-id=\"16749\" class=\"elementor elementor-16749 elementor-10964\" data-elementor-post-type=\"page\">\n\t\t\t\t<div class=\"elementor-element elementor-element-cbcdedd e-flex e-con-boxed e-con e-parent\" data-id=\"cbcdedd\" data-element_type=\"container\" data-e-type=\"container\">\n\t\t\t\t\t<div class=\"e-con-inner\">\n\t\t\t\t<div class=\"elementor-element elementor-element-b81ec22 elementor-widget elementor-widget-ts-banner\" data-id=\"b81ec22\" data-element_type=\"widget\" data-e-type=\"widget\" data-widget_type=\"ts-banner.default\">\n\t\t\t\t<div class=\"elementor-widget-container\">\n\t\t\t\t\t\t\t<div class=\"ts-banner eff-zoom-in button-top\">\n\t\t\t<div class=\"banner-wrapper\">\n\t\t\t\n\t\t\t\t\t\t\t\t\n\t\t\t\t<div class=\"background-overlay\"><\/div>\n\t\t\t\t\n\t\t\t\t<div class=\"banner-bg\">\n\t\t\t\t<img fetchpriority=\"high\" decoding=\"async\" width=\"1767\" height=\"996\" src=\"https:\/\/vumglasses.com\/wp-content\/uploads\/2025\/12\/bannernostros2.jpg\" class=\"bg-image bg-image main-banner\" alt=\"\" srcset=\"https:\/\/vumglasses.com\/wp-content\/uploads\/2025\/12\/bannernostros2.jpg 1767w, https:\/\/vumglasses.com\/wp-content\/uploads\/2025\/12\/bannernostros2-300x169.jpg 300w, https:\/\/vumglasses.com\/wp-content\/uploads\/2025\/12\/bannernostros2-1024x577.jpg 1024w, https:\/\/vumglasses.com\/wp-content\/uploads\/2025\/12\/bannernostros2-768x433.jpg 768w, https:\/\/vumglasses.com\/wp-content\/uploads\/2025\/12\/bannernostros2-1536x866.jpg 1536w, https:\/\/vumglasses.com\/wp-content\/uploads\/2025\/12\/bannernostros2-900x507.jpg 900w, https:\/\/vumglasses.com\/wp-content\/uploads\/2025\/12\/bannernostros2-355x200.jpg 355w\" sizes=\"(max-width: 1767px) 100vw, 1767px\" \/>\t\t\t\t<\/div>\n\t\t\t\t\t\n\t\t\t\t<div class=\"box-content\">\n\t\t\t\t\t<div class=\"content-text\">\n\t\t\t\t\t\n\t\t\t\t\t\t\t\t\t\t\t\t\n\t\t\t\t\t\t\t\t\t\t\n\t\t\t\t\t\t\t<h2>Viste Tu Mirada<\/h2>\n\t\t\t\t\t\t\t\t\t\t\t\t\n\t\t\t\t\t\t\t\t\t\t\t\t\n\t\t\t\t\t\t\t\t\t\t\t<\/div>\n\t\t\t\t<\/div>\n\t\t\t\t\n\t\t\t<\/div>\n\t\t<\/div>\n\t\t\t\t\t\t<\/div>\n\t\t\t\t<\/div>\n\t\t\t\t\t<\/div>\n\t\t\t\t<\/div>\n\t\t<div class=\"elementor-element elementor-element-73c674b e-flex e-con-boxed e-con e-parent\" data-id=\"73c674b\" data-element_type=\"container\" data-e-type=\"container\">\n\t\t\t\t\t<div class=\"e-con-inner\">\n\t\t\t\t<div class=\"elementor-element elementor-element-b59a421 elementor-widget elementor-widget-heading\" data-id=\"b59a421\" data-element_type=\"widget\" data-e-type=\"widget\" data-widget_type=\"heading.default\">\n\t\t\t\t\t<h1 class=\"elementor-heading-title elementor-size-default\">About Us<\/h1>\t\t\t\t<\/div>\n\t\t\t\t<div class=\"elementor-element elementor-element-3a7f98b elementor-invisible elementor-widget elementor-widget-heading\" data-id=\"3a7f98b\" data-element_type=\"widget\" data-e-type=\"widget\" data-settings=\"{&quot;_animation&quot;:&quot;fadeIn&quot;}\" data-widget_type=\"heading.default\">\n\t\t\t\t\t<h3 class=\"elementor-heading-title elementor-size-default\">At V\u00dcM Glasses, we believe that glasses not only improve vision, but also tell who you are. That's why our motto is clear: Dress your eyes.<\/h3>\t\t\t\t<\/div>\n\t\t\t\t\t<\/div>\n\t\t\t\t<\/div>\n\t\t<div class=\"elementor-element elementor-element-8c26315 e-flex e-con-boxed e-con e-parent\" data-id=\"8c26315\" data-element_type=\"container\" data-e-type=\"container\">\n\t\t\t\t\t<div class=\"e-con-inner\">\n\t\t<div class=\"elementor-element elementor-element-3f9e927 e-con-full e-flex e-con e-child\" data-id=\"3f9e927\" data-element_type=\"container\" data-e-type=\"container\">\n\t\t\t\t<div class=\"elementor-element elementor-element-c2d592e elementor-widget__width-initial elementor-invisible elementor-widget elementor-widget-heading\" data-id=\"c2d592e\" data-element_type=\"widget\" data-e-type=\"widget\" data-settings=\"{&quot;_animation&quot;:&quot;fadeIn&quot;,&quot;_animation_delay&quot;:100}\" data-widget_type=\"heading.default\">\n\t\t\t\t\t<h3 class=\"elementor-heading-title elementor-size-default\">Confidence comes from experience<\/h3>\t\t\t\t<\/div>\n\t\t\t\t<div class=\"elementor-element elementor-element-8caf5ce elementor-widget__width-initial elementor-invisible elementor-widget elementor-widget-text-editor\" data-id=\"8caf5ce\" data-element_type=\"widget\" data-e-type=\"widget\" data-settings=\"{&quot;_animation&quot;:&quot;fadeIn&quot;,&quot;_animation_delay&quot;:200}\" data-widget_type=\"text-editor.default\">\n\t\t\t\t\t\t\t\t\t<p>Our story begins with <b>Xavi Fust\u00e9<\/b>, who has spent more than 30 years visiting optical stores, listening to industry professionals, and distributing brands with a vision for the future. His close treatment and his ability to provide solutions have made many opticians trust him not only as a supplier, but as an ally.<\/p>\t\t\t\t\t\t\t\t<\/div>\n\t\t\t\t<\/div>\n\t\t<div class=\"elementor-element elementor-element-98624fa e-con-full e-flex e-con e-child\" data-id=\"98624fa\" data-element_type=\"container\" data-e-type=\"container\">\n\t\t\t\t<div class=\"elementor-element elementor-element-ae55d77 elementor-invisible elementor-widget elementor-widget-image\" data-id=\"ae55d77\" data-element_type=\"widget\" data-e-type=\"widget\" data-settings=\"{&quot;_animation&quot;:&quot;fadeInRight&quot;,&quot;_animation_tablet&quot;:&quot;fadeIn&quot;}\" data-widget_type=\"image.default\">\n\t\t\t\t\t\t\t\t\t\t\t\t\t\t\t<img decoding=\"async\" width=\"851\" height=\"837\" data-src=\"https:\/\/vumglasses.com\/wp-content\/uploads\/2025\/10\/VUM-42-1.png\" class=\"attachment-full size-full wp-image-16503 lazyload\" alt=\"\" data-srcset=\"https:\/\/vumglasses.com\/wp-content\/uploads\/2025\/10\/VUM-42-1.png 851w, https:\/\/vumglasses.com\/wp-content\/uploads\/2025\/10\/VUM-42-1-300x295.png 300w, https:\/\/vumglasses.com\/wp-content\/uploads\/2025\/10\/VUM-42-1-768x755.png 768w, https:\/\/vumglasses.com\/wp-content\/uploads\/2025\/10\/VUM-42-1-46x46.png 46w, https:\/\/vumglasses.com\/wp-content\/uploads\/2025\/10\/VUM-42-1-40x40.png 40w, https:\/\/vumglasses.com\/wp-content\/uploads\/2025\/10\/VUM-42-1-203x200.png 203w\" data-sizes=\"(max-width: 851px) 100vw, 851px\" src=\"data:image\/svg+xml;base64,PHN2ZyB3aWR0aD0iMSIgaGVpZ2h0PSIxIiB4bWxucz0iaHR0cDovL3d3dy53My5vcmcvMjAwMC9zdmciPjwvc3ZnPg==\" style=\"--smush-placeholder-width: 851px; --smush-placeholder-aspect-ratio: 851\/837;\" \/>\t\t\t\t\t\t\t\t\t\t\t\t\t\t\t<\/div>\n\t\t\t\t<\/div>\n\t\t\t\t\t<\/div>\n\t\t\t\t<\/div>\n\t\t<div class=\"elementor-element elementor-element-73f74e1 e-flex e-con-boxed e-con e-parent\" data-id=\"73f74e1\" data-element_type=\"container\" data-e-type=\"container\">\n\t\t\t\t\t<div class=\"e-con-inner\">\n\t\t<div class=\"elementor-element elementor-element-240af27 e-con-full e-flex e-con e-child\" data-id=\"240af27\" data-element_type=\"container\" data-e-type=\"container\">\n\t\t\t\t<div class=\"elementor-element elementor-element-d10d0ba elementor-invisible elementor-widget elementor-widget-image\" data-id=\"d10d0ba\" data-element_type=\"widget\" data-e-type=\"widget\" data-settings=\"{&quot;_animation&quot;:&quot;fadeInLeft&quot;,&quot;_animation_tablet&quot;:&quot;fadeIn&quot;}\" data-widget_type=\"image.default\">\n\t\t\t\t\t\t\t\t\t\t\t\t\t\t\t<img decoding=\"async\" width=\"851\" height=\"837\" data-src=\"https:\/\/vumglasses.com\/wp-content\/uploads\/2025\/10\/VUM-42-1-1.png\" class=\"attachment-full size-full wp-image-16504 lazyload\" alt=\"\" data-srcset=\"https:\/\/vumglasses.com\/wp-content\/uploads\/2025\/10\/VUM-42-1-1.png 851w, https:\/\/vumglasses.com\/wp-content\/uploads\/2025\/10\/VUM-42-1-1-300x295.png 300w, https:\/\/vumglasses.com\/wp-content\/uploads\/2025\/10\/VUM-42-1-1-768x755.png 768w, https:\/\/vumglasses.com\/wp-content\/uploads\/2025\/10\/VUM-42-1-1-46x46.png 46w, https:\/\/vumglasses.com\/wp-content\/uploads\/2025\/10\/VUM-42-1-1-40x40.png 40w, https:\/\/vumglasses.com\/wp-content\/uploads\/2025\/10\/VUM-42-1-1-203x200.png 203w\" data-sizes=\"(max-width: 851px) 100vw, 851px\" src=\"data:image\/svg+xml;base64,PHN2ZyB3aWR0aD0iMSIgaGVpZ2h0PSIxIiB4bWxucz0iaHR0cDovL3d3dy53My5vcmcvMjAwMC9zdmciPjwvc3ZnPg==\" style=\"--smush-placeholder-width: 851px; --smush-placeholder-aspect-ratio: 851\/837;\" \/>\t\t\t\t\t\t\t\t\t\t\t\t\t\t\t<\/div>\n\t\t\t\t<\/div>\n\t\t<div class=\"elementor-element elementor-element-2ee5d16 e-con-full e-flex e-con e-child\" data-id=\"2ee5d16\" data-element_type=\"container\" data-e-type=\"container\">\n\t\t\t\t<div class=\"elementor-element elementor-element-3ab832c elementor-widget__width-initial elementor-invisible elementor-widget elementor-widget-heading\" data-id=\"3ab832c\" data-element_type=\"widget\" data-e-type=\"widget\" data-settings=\"{&quot;_animation&quot;:&quot;fadeIn&quot;,&quot;_animation_delay&quot;:100}\" data-widget_type=\"heading.default\">\n\t\t\t\t\t<h3 class=\"elementor-heading-title elementor-size-default\">A project with new energy<\/h3>\t\t\t\t<\/div>\n\t\t\t\t<div class=\"elementor-element elementor-element-253fe06 elementor-widget__width-initial elementor-invisible elementor-widget elementor-widget-text-editor\" data-id=\"253fe06\" data-element_type=\"widget\" data-e-type=\"widget\" data-settings=\"{&quot;_animation&quot;:&quot;fadeIn&quot;,&quot;_animation_delay&quot;:200}\" data-widget_type=\"text-editor.default\">\n\t\t\t\t\t\t\t\t\tWith the incorporation of <b>Jan Fust\u00e9<\/b>, we took another step and V\u00dcM Glasses was born: a project that brings together the most prestigious and current eyewear brands on the market. Today, we exclusively distribute collections that set international trends in Spain, Andorra and Portugal, always with the highest standards of design and quality.\t\t\t\t\t\t\t\t<\/div>\n\t\t\t\t<\/div>\n\t\t\t\t\t<\/div>\n\t\t\t\t<\/div>\n\t\t<div class=\"elementor-element elementor-element-ddf84fa e-con-full e-flex e-con e-parent\" data-id=\"ddf84fa\" data-element_type=\"container\" data-e-type=\"container\">\n\t\t<div class=\"elementor-element elementor-element-46e9e3b e-con-full e-flex e-con e-child\" data-id=\"46e9e3b\" data-element_type=\"container\" data-e-type=\"container\" data-settings=\"{&quot;background_background&quot;:&quot;classic&quot;}\">\n\t\t\t\t<div class=\"elementor-element elementor-element-63a03c9 elementor-widget elementor-widget-heading\" data-id=\"63a03c9\" data-element_type=\"widget\" data-e-type=\"widget\" data-widget_type=\"heading.default\">\n\t\t\t\t\t<h2 class=\"elementor-heading-title elementor-size-default\">More than <br>distributors, partners<\/h2>\t\t\t\t<\/div>\n\t\t\t\t<div class=\"elementor-element elementor-element-d8f56bd elementor-widget elementor-widget-text-editor\" data-id=\"d8f56bd\" data-element_type=\"widget\" data-e-type=\"widget\" data-widget_type=\"text-editor.default\">\n\t\t\t\t\t\t\t\t\tWhat really defines us is not only the catalog, but the relationship with each client. Our partners highlight our <b>professionalism, close attention and speed of response<\/b>, values that guide everything we do.\t\t\t\t\t\t\t\t<\/div>\n\t\t\t\t<\/div>\n\t\t<div class=\"elementor-element elementor-element-1387551 e-con-full e-flex e-con e-child\" data-id=\"1387551\" data-element_type=\"container\" data-e-type=\"container\" data-settings=\"{&quot;background_background&quot;:&quot;classic&quot;}\">\n\t\t\t\t<div class=\"elementor-element elementor-element-b62cc37 elementor-widget elementor-widget-image\" data-id=\"b62cc37\" data-element_type=\"widget\" data-e-type=\"widget\" data-widget_type=\"image.default\">\n\t\t\t\t\t\t\t\t\t\t\t\t\t\t\t<img decoding=\"async\" width=\"1235\" height=\"800\" data-src=\"https:\/\/vumglasses.com\/wp-content\/uploads\/2025\/10\/VUM-66-1.png\" class=\"attachment-full size-full wp-image-16505 lazyload\" alt=\"\" data-srcset=\"https:\/\/vumglasses.com\/wp-content\/uploads\/2025\/10\/VUM-66-1.png 1235w, https:\/\/vumglasses.com\/wp-content\/uploads\/2025\/10\/VUM-66-1-300x194.png 300w, https:\/\/vumglasses.com\/wp-content\/uploads\/2025\/10\/VUM-66-1-1024x663.png 1024w, https:\/\/vumglasses.com\/wp-content\/uploads\/2025\/10\/VUM-66-1-768x497.png 768w, https:\/\/vumglasses.com\/wp-content\/uploads\/2025\/10\/VUM-66-1-900x583.png 900w\" data-sizes=\"(max-width: 1235px) 100vw, 1235px\" src=\"data:image\/svg+xml;base64,PHN2ZyB3aWR0aD0iMSIgaGVpZ2h0PSIxIiB4bWxucz0iaHR0cDovL3d3dy53My5vcmcvMjAwMC9zdmciPjwvc3ZnPg==\" style=\"--smush-placeholder-width: 1235px; --smush-placeholder-aspect-ratio: 1235\/800;\" \/>\t\t\t\t\t\t\t\t\t\t\t\t\t\t\t<\/div>\n\t\t\t\t<\/div>\n\t\t\t\t<\/div>\n\t\t<div class=\"elementor-element elementor-element-be5326f e-flex e-con-boxed e-con e-parent\" data-id=\"be5326f\" data-element_type=\"container\" data-e-type=\"container\" data-settings=\"{&quot;background_background&quot;:&quot;classic&quot;}\">\n\t\t\t\t\t<div class=\"e-con-inner\">\n\t\t<div class=\"elementor-element elementor-element-500fa6f e-con-full e-flex e-con e-child\" data-id=\"500fa6f\" data-element_type=\"container\" data-e-type=\"container\">\n\t\t\t\t<div class=\"elementor-element elementor-element-1cf039d elementor-invisible elementor-widget elementor-widget-heading\" data-id=\"1cf039d\" data-element_type=\"widget\" data-e-type=\"widget\" data-settings=\"{&quot;_animation&quot;:&quot;fadeIn&quot;}\" data-widget_type=\"heading.default\">\n\t\t\t\t\t<h2 class=\"elementor-heading-title elementor-size-default\">At V\u00dcM Glasses we not only distribute glasses: we accompany optical stores to grow, enhance their collections and always offer the best to their customers.<\/h2>\t\t\t\t<\/div>\n\t\t\t\t<\/div>\n\t\t\t\t\t<\/div>\n\t\t\t\t<\/div>\n\t\t<div class=\"elementor-element elementor-element-1f79cb4 e-flex e-con-boxed e-con e-parent\" data-id=\"1f79cb4\" data-element_type=\"container\" data-e-type=\"container\">\n\t\t\t\t\t<div class=\"e-con-inner\">\n\t\t\t\t<div class=\"elementor-element elementor-element-696ac34 elementor-widget elementor-widget-image\" data-id=\"696ac34\" data-element_type=\"widget\" data-e-type=\"widget\" data-widget_type=\"image.default\">\n\t\t\t\t\t\t\t\t\t\t\t\t\t\t\t<img decoding=\"async\" width=\"1767\" height=\"996\" data-src=\"https:\/\/vumglasses.com\/wp-content\/uploads\/2025\/12\/bannernostros.jpg\" class=\"attachment-full size-full wp-image-16768 lazyload\" alt=\"\" data-srcset=\"https:\/\/vumglasses.com\/wp-content\/uploads\/2025\/12\/bannernostros.jpg 1767w, https:\/\/vumglasses.com\/wp-content\/uploads\/2025\/12\/bannernostros-300x169.jpg 300w, https:\/\/vumglasses.com\/wp-content\/uploads\/2025\/12\/bannernostros-1024x577.jpg 1024w, https:\/\/vumglasses.com\/wp-content\/uploads\/2025\/12\/bannernostros-768x433.jpg 768w, https:\/\/vumglasses.com\/wp-content\/uploads\/2025\/12\/bannernostros-1536x866.jpg 1536w, https:\/\/vumglasses.com\/wp-content\/uploads\/2025\/12\/bannernostros-900x507.jpg 900w, https:\/\/vumglasses.com\/wp-content\/uploads\/2025\/12\/bannernostros-355x200.jpg 355w\" data-sizes=\"(max-width: 1767px) 100vw, 1767px\" src=\"data:image\/svg+xml;base64,PHN2ZyB3aWR0aD0iMSIgaGVpZ2h0PSIxIiB4bWxucz0iaHR0cDovL3d3dy53My5vcmcvMjAwMC9zdmciPjwvc3ZnPg==\" style=\"--smush-placeholder-width: 1767px; --smush-placeholder-aspect-ratio: 1767\/996;\" \/>\t\t\t\t\t\t\t\t\t\t\t\t\t\t\t<\/div>\n\t\t\t\t\t<\/div>\n\t\t\t\t<\/div>\n\t\t\t\t<\/div>\n\t\t","protected":false},"excerpt":{"rendered":"<p>Viste Tu Mirada About Us At V\u00dcM Glasses, we believe that glasses not only improve vision, but also tell who you are. That&#8217;s why our motto is clear: Dress your eyes. Confidence comes from experience Our story begins with Xavi Fust\u00e9, who has spent more than 30 years visiting optical stores, listening to industry professionals, [&hellip;]<\/p>\n","protected":false},"author":1,"featured_media":0,"parent":0,"menu_order":0,"comment_status":"closed","ping_status":"closed","template":"","meta":{"footnotes":""},"class_list":["post-16749","page","type-page","status-publish","hentry"],"yoast_head":"<!-- This site is optimized with the Yoast SEO plugin v27.0 - https:\/\/yoast.com\/product\/yoast-seo-wordpress\/ -->\n<title>About Us | V&Uuml;M Glasses<\/title>\n<meta name=\"description\" content=\"About Us | Entra e inf\u00f3rmate | Ponte en contacto para m\u00e1s informaci\u00f3n\" \/>\n<meta name=\"robots\" content=\"index, follow, max-snippet:-1, max-image-preview:large, max-video-preview:-1\" \/>\n<link rel=\"canonical\" href=\"https:\/\/vumglasses.com\/en\/about-us\/\" \/>\n<meta property=\"og:locale\" content=\"en_US\" \/>\n<meta property=\"og:type\" content=\"article\" \/>\n<meta property=\"og:title\" content=\"About Us | V&Uuml;M Glasses\" \/>\n<meta property=\"og:description\" content=\"About Us | Entra e inf\u00f3rmate | Ponte en contacto para m\u00e1s informaci\u00f3n\" \/>\n<meta property=\"og:url\" content=\"https:\/\/vumglasses.com\/en\/about-us\/\" \/>\n<meta property=\"og:site_name\" content=\"V&Uuml;M Glasses\" \/>\n<meta property=\"article:publisher\" content=\"https:\/\/www.facebook.com\/vumglassesgafasalpormayor\" \/>\n<meta property=\"article:modified_time\" content=\"2026-02-01T23:17:36+00:00\" \/>\n<meta property=\"og:image\" content=\"https:\/\/vumglasses.com\/wp-content\/uploads\/2025\/12\/bannernostros2.jpg\" \/>\n<meta name=\"twitter:card\" content=\"summary_large_image\" \/>\n<meta name=\"twitter:label1\" content=\"Est. reading time\" \/>\n\t<meta name=\"twitter:data1\" content=\"1 minute\" \/>\n<script type=\"application\/ld+json\" class=\"yoast-schema-graph\">{\"@context\":\"https:\/\/schema.org\",\"@graph\":[{\"@type\":\"WebPage\",\"@id\":\"https:\/\/vumglasses.com\/en\/about-us\/\",\"url\":\"https:\/\/vumglasses.com\/en\/about-us\/\",\"name\":\"About Us | V&Uuml;M Glasses\",\"isPartOf\":{\"@id\":\"https:\/\/vumglasses.com\/en\/#website\"},\"primaryImageOfPage\":{\"@id\":\"https:\/\/vumglasses.com\/en\/about-us\/#primaryimage\"},\"image\":{\"@id\":\"https:\/\/vumglasses.com\/en\/about-us\/#primaryimage\"},\"thumbnailUrl\":\"https:\/\/vumglasses.com\/wp-content\/uploads\/2025\/12\/bannernostros2.jpg\",\"datePublished\":\"2025-03-24T10:43:32+00:00\",\"dateModified\":\"2026-02-01T23:17:36+00:00\",\"description\":\"About Us | Entra e inf\u00f3rmate | Ponte en contacto para m\u00e1s informaci\u00f3n\",\"breadcrumb\":{\"@id\":\"https:\/\/vumglasses.com\/en\/about-us\/#breadcrumb\"},\"inLanguage\":\"en-US\",\"potentialAction\":[{\"@type\":\"ReadAction\",\"target\":[\"https:\/\/vumglasses.com\/en\/about-us\/\"]}]},{\"@type\":\"ImageObject\",\"inLanguage\":\"en-US\",\"@id\":\"https:\/\/vumglasses.com\/en\/about-us\/#primaryimage\",\"url\":\"https:\/\/vumglasses.com\/wp-content\/uploads\/2025\/12\/bannernostros2.jpg\",\"contentUrl\":\"https:\/\/vumglasses.com\/wp-content\/uploads\/2025\/12\/bannernostros2.jpg\"},{\"@type\":\"BreadcrumbList\",\"@id\":\"https:\/\/vumglasses.com\/en\/about-us\/#breadcrumb\",\"itemListElement\":[{\"@type\":\"ListItem\",\"position\":1,\"name\":\"Portada\",\"item\":\"https:\/\/vumglasses.com\/en\/\"},{\"@type\":\"ListItem\",\"position\":2,\"name\":\"About Us\"}]},{\"@type\":\"WebSite\",\"@id\":\"https:\/\/vumglasses.com\/en\/#website\",\"url\":\"https:\/\/vumglasses.com\/en\/\",\"name\":\"V\u00dcM Glasses\",\"description\":\"Gafas al por mayor de sol, lectura y deportivas\",\"publisher\":{\"@id\":\"https:\/\/vumglasses.com\/en\/#organization\"},\"alternateName\":\"V\u00dcM Glasses\",\"potentialAction\":[{\"@type\":\"SearchAction\",\"target\":{\"@type\":\"EntryPoint\",\"urlTemplate\":\"https:\/\/vumglasses.com\/en\/?s={search_term_string}\"},\"query-input\":{\"@type\":\"PropertyValueSpecification\",\"valueRequired\":true,\"valueName\":\"search_term_string\"}}],\"inLanguage\":\"en-US\"},{\"@type\":\"Organization\",\"@id\":\"https:\/\/vumglasses.com\/en\/#organization\",\"name\":\"V\u00dcM Glasses\",\"url\":\"https:\/\/vumglasses.com\/en\/\",\"logo\":{\"@type\":\"ImageObject\",\"inLanguage\":\"en-US\",\"@id\":\"https:\/\/vumglasses.com\/en\/#\/schema\/logo\/image\/\",\"url\":\"https:\/\/vumglasses.com\/wp-content\/uploads\/2025\/12\/logo-vum-glasses.png\",\"contentUrl\":\"https:\/\/vumglasses.com\/wp-content\/uploads\/2025\/12\/logo-vum-glasses.png\",\"width\":265,\"height\":265,\"caption\":\"V\u00dcM Glasses\"},\"image\":{\"@id\":\"https:\/\/vumglasses.com\/en\/#\/schema\/logo\/image\/\"},\"sameAs\":[\"https:\/\/www.facebook.com\/vumglassesgafasalpormayor\",\"https:\/\/www.instagram.com\/vumglasses\",\"https:\/\/www.linkedin.com\/company\/vum-glasses\",\"https:\/\/www.tiktok.com\/@vumglasses\"]}]}<\/script>\n<!-- \/ Yoast SEO plugin. -->","yoast_head_json":{"title":"About Us | V&Uuml;M Glasses","description":"About Us | Entra e inf\u00f3rmate | Ponte en contacto para m\u00e1s informaci\u00f3n","robots":{"index":"index","follow":"follow","max-snippet":"max-snippet:-1","max-image-preview":"max-image-preview:large","max-video-preview":"max-video-preview:-1"},"canonical":"https:\/\/vumglasses.com\/en\/about-us\/","og_locale":"en_US","og_type":"article","og_title":"About Us | V&Uuml;M Glasses","og_description":"About Us | Entra e inf\u00f3rmate | Ponte en contacto para m\u00e1s informaci\u00f3n","og_url":"https:\/\/vumglasses.com\/en\/about-us\/","og_site_name":"V&Uuml;M Glasses","article_publisher":"https:\/\/www.facebook.com\/vumglassesgafasalpormayor","article_modified_time":"2026-02-01T23:17:36+00:00","og_image":[{"url":"https:\/\/vumglasses.com\/wp-content\/uploads\/2025\/12\/bannernostros2.jpg","type":"","width":"","height":""}],"twitter_card":"summary_large_image","twitter_misc":{"Est. reading time":"1 minute"},"schema":{"@context":"https:\/\/schema.org","@graph":[{"@type":"WebPage","@id":"https:\/\/vumglasses.com\/en\/about-us\/","url":"https:\/\/vumglasses.com\/en\/about-us\/","name":"About Us | V&Uuml;M Glasses","isPartOf":{"@id":"https:\/\/vumglasses.com\/en\/#website"},"primaryImageOfPage":{"@id":"https:\/\/vumglasses.com\/en\/about-us\/#primaryimage"},"image":{"@id":"https:\/\/vumglasses.com\/en\/about-us\/#primaryimage"},"thumbnailUrl":"https:\/\/vumglasses.com\/wp-content\/uploads\/2025\/12\/bannernostros2.jpg","datePublished":"2025-03-24T10:43:32+00:00","dateModified":"2026-02-01T23:17:36+00:00","description":"About Us | Entra e inf\u00f3rmate | Ponte en contacto para m\u00e1s informaci\u00f3n","breadcrumb":{"@id":"https:\/\/vumglasses.com\/en\/about-us\/#breadcrumb"},"inLanguage":"en-US","potentialAction":[{"@type":"ReadAction","target":["https:\/\/vumglasses.com\/en\/about-us\/"]}]},{"@type":"ImageObject","inLanguage":"en-US","@id":"https:\/\/vumglasses.com\/en\/about-us\/#primaryimage","url":"https:\/\/vumglasses.com\/wp-content\/uploads\/2025\/12\/bannernostros2.jpg","contentUrl":"https:\/\/vumglasses.com\/wp-content\/uploads\/2025\/12\/bannernostros2.jpg"},{"@type":"BreadcrumbList","@id":"https:\/\/vumglasses.com\/en\/about-us\/#breadcrumb","itemListElement":[{"@type":"ListItem","position":1,"name":"Portada","item":"https:\/\/vumglasses.com\/en\/"},{"@type":"ListItem","position":2,"name":"About Us"}]},{"@type":"WebSite","@id":"https:\/\/vumglasses.com\/en\/#website","url":"https:\/\/vumglasses.com\/en\/","name":"V\u00dcM Glasses","description":"Gafas al por mayor de sol, lectura y deportivas","publisher":{"@id":"https:\/\/vumglasses.com\/en\/#organization"},"alternateName":"V\u00dcM Glasses","potentialAction":[{"@type":"SearchAction","target":{"@type":"EntryPoint","urlTemplate":"https:\/\/vumglasses.com\/en\/?s={search_term_string}"},"query-input":{"@type":"PropertyValueSpecification","valueRequired":true,"valueName":"search_term_string"}}],"inLanguage":"en-US"},{"@type":"Organization","@id":"https:\/\/vumglasses.com\/en\/#organization","name":"V\u00dcM Glasses","url":"https:\/\/vumglasses.com\/en\/","logo":{"@type":"ImageObject","inLanguage":"en-US","@id":"https:\/\/vumglasses.com\/en\/#\/schema\/logo\/image\/","url":"https:\/\/vumglasses.com\/wp-content\/uploads\/2025\/12\/logo-vum-glasses.png","contentUrl":"https:\/\/vumglasses.com\/wp-content\/uploads\/2025\/12\/logo-vum-glasses.png","width":265,"height":265,"caption":"V\u00dcM Glasses"},"image":{"@id":"https:\/\/vumglasses.com\/en\/#\/schema\/logo\/image\/"},"sameAs":["https:\/\/www.facebook.com\/vumglassesgafasalpormayor","https:\/\/www.instagram.com\/vumglasses","https:\/\/www.linkedin.com\/company\/vum-glasses","https:\/\/www.tiktok.com\/@vumglasses"]}]}},"_links":{"self":[{"href":"https:\/\/vumglasses.com\/en\/wp-json\/wp\/v2\/pages\/16749","targetHints":{"allow":["GET"]}}],"collection":[{"href":"https:\/\/vumglasses.com\/en\/wp-json\/wp\/v2\/pages"}],"about":[{"href":"https:\/\/vumglasses.com\/en\/wp-json\/wp\/v2\/types\/page"}],"author":[{"embeddable":true,"href":"https:\/\/vumglasses.com\/en\/wp-json\/wp\/v2\/users\/1"}],"replies":[{"embeddable":true,"href":"https:\/\/vumglasses.com\/en\/wp-json\/wp\/v2\/comments?post=16749"}],"version-history":[{"count":5,"href":"https:\/\/vumglasses.com\/en\/wp-json\/wp\/v2\/pages\/16749\/revisions"}],"predecessor-version":[{"id":17216,"href":"https:\/\/vumglasses.com\/en\/wp-json\/wp\/v2\/pages\/16749\/revisions\/17216"}],"wp:attachment":[{"href":"https:\/\/vumglasses.com\/en\/wp-json\/wp\/v2\/media?parent=16749"}],"curies":[{"name":"wp","href":"https:\/\/api.w.org\/{rel}","templated":true}]}}